{"id":2346,"date":"2023-06-28T08:11:31","date_gmt":"2023-06-28T06:11:31","guid":{"rendered":"https:\/\/beautybyrockagirl.com\/sklep\/?post_type=product&#038;p=2346"},"modified":"2025-12-01T13:09:38","modified_gmt":"2025-12-01T12:09:38","slug":"flawless-updos","status":"publish","type":"product","link":"https:\/\/beautybyrockagirl.com\/sklep\/produkt\/flawless-updos\/","title":{"rendered":"FLAWLESS UPDOS &#8211; kurs online"},"content":{"rendered":"<div style=\"width: 980px;\" class=\"wp-video\"><video class=\"wp-video-shortcode\" id=\"video-2346-1\" width=\"980\" height=\"1742\" loop autoplay preload=\"metadata\" controls=\"controls\"><source type=\"video\/mp4\" src=\"https:\/\/beautybyrockagirl.com\/sklep\/wp-content\/uploads\/2023\/06\/video-output-4E50186B-9608-4936-A669-7D7F41C495F5.mp4?_=1\" \/><a href=\"https:\/\/beautybyrockagirl.com\/sklep\/wp-content\/uploads\/2023\/06\/video-output-4E50186B-9608-4936-A669-7D7F41C495F5.mp4\">https:\/\/beautybyrockagirl.com\/sklep\/wp-content\/uploads\/2023\/06\/video-output-4E50186B-9608-4936-A669-7D7F41C495F5.mp4<\/a><\/video><\/div>\n<h3 style=\"text-align: center;\"><strong>UWAGA &#8211; PRZED ZAKUPEM UTW\u00d3RZ KONTO! DOST\u0118P DO KURSU PO ZAKUPIE JEST MO\u017bLIWY TYLKO DLA ZALOGOWANYCH U\u017bYTKOWNIK\u00d3W!<\/strong><\/h3>\n<h3 style=\"text-align: center;\"><strong>* * *<\/strong><\/h3>\n<h4><strong><br \/>\nFLAWLESS UPDOS<\/strong> to kurs online stworzony przez <a href=\"http:\/\/www.instagram.com\/BEAUTYBYROCKAGIRL\">Maj\u0119 Peryg\u0119 \u2013 Beauty by Rockagirl<\/a> po\u015bwi\u0119cony \u015bwiadomemu budowaniu <strong>idealnych, optycznie liftinguj\u0105cych kszta\u0142t\u00f3w upi\u0119\u0107<\/strong>. Jest to <strong>kurs inny ni\u017c wszystkie<\/strong> &#8211; poza instrukcj\u0105 jak wykona\u0107 poszczeg\u00f3lne elementy upi\u0119\u0107, om\u00f3wione i pokazane zosta\u0142y <strong>b\u0142\u0119dy<\/strong>, jakie najcz\u0119\u015bciej s\u0105 pope\u0142niane na poszczeg\u00f3lnych etapach tworzenia fryzur.<\/h4>\n<p><strong>Je\u015bli chcesz przyspieszy\u0107 swoj\u0105 prac\u0119 i przesta\u0107 stresowa\u0107 si\u0119 podczas czesania, ten kurs jest idealny dla Ciebie!<\/strong><\/p>\n<p>&nbsp;<\/p>\n<p>Szkolenie zosta\u0142o stworzone z my\u015bl\u0105 o:<\/p>\n<ul>\n<li><strong>fryzjerach i stylistach fryzur<\/strong> pragn\u0105cych pozna\u0107 u\u017cytkowe, trwa\u0142e techniki stylizacji w\u0142os\u00f3w, zgodne z aktualnymi trendami;<\/li>\n<li><strong>wiza\u017cystach<\/strong> znaj\u0105cych podstawy stylizacji fryzur.<\/li>\n<\/ul>\n<p>Szkolenie nadaje si\u0119 dla os\u00f3b maj\u0105cych podstawy w stylizacji fryzur oraz pocz\u0105tkuj\u0105cych.<\/p>\n<p>Podczas nagrania zaprezentowane zostan\u0105 <strong>dwa najpopularniejsze upi\u0119cia &#8211; niskie i wysokie<\/strong>:<\/p>\n<ol>\n<li>Obydwa upi\u0119cia zosta\u0142y wyko\u0144czone tzw. <strong>grub\u0105 tekstur\u0105<\/strong>, kt\u00f3rej wykonanie zosta\u0142o szczeg\u00f3\u0142owo om\u00f3wione.<\/li>\n<li>Nacisk jest po\u0142o\u017cony przede wszystkim na to, jak stworzy\u0107 idealnie <strong>dopasowany do klientki, optycznie liftinguj\u0105cy<\/strong> kszta\u0142t fryzury &#8211; niezale\u017cnie od wybranej tekstury wyka\u0144czaj\u0105cej upi\u0119cie.<\/li>\n<li>Nagranie zawiera r\u00f3wnie\u017c <strong>ponad 100 (!) uj\u0119\u0107 b\u0142\u0119d\u00f3w<\/strong>, jakie mo\u017cna pope\u0142ni\u0107 na poszczeg\u00f3lnych etapach tworzenia fryzury &#8211; pokazane s\u0105 zar\u00f3wno b\u0142\u0119dnie wykonywane czynno\u015bci, jak i ich efekt ko\u0144cowy.<\/li>\n<\/ol>\n<p><strong>BONUS<\/strong>: bezpieczne wyczesywanie upi\u0119cia (przydatne dla klientek!)<\/p>\n<h3>INFORMACJE:<\/h3>\n<ul>\n<li>nagranie w jako\u015bci\u00a0<strong>full HD<\/strong> o d\u0142ugo\u015bci ok. 3,5 h &#8211; DOST\u0118PNE W ZAK\u0141ADCE &#8222;TWOJE KURSY&#8221; PO ZAKUPIE I ZALOGOWANIU NA KONTO<\/li>\n<li>uj\u0119cia z\u00a0<strong>dw\u00f3ch kamer<\/strong>\u00a0(popiersie oraz\u00a0<strong>mocny zoom<\/strong>)<\/li>\n<li>om\u00f3wienie sprz\u0119tu, narz\u0119dzi oraz kosmetyk\u00f3w w trakcie nagrania<\/li>\n<li>imienny\u00a0<strong>certyfikat<\/strong> w formie PDF (do pobrania w zak\u0142adce &#8222;Twoje kursy&#8221; po zakupie i zalogowaniu)<\/li>\n<li><strong>skrypt<\/strong> zawieraj\u0105cy podstawowe informacje teoretyczne o stylizacji w\u0142os\u00f3w, schematy podzia\u0142u w\u0142os\u00f3w na sekcje oraz spis wszystkich u\u017cytych produkt\u00f3w wraz z ich charakterystyk\u0105 (do pobrania w zak\u0142adce &#8222;Twoje kursy&#8221; po zakupie i zalogowaniu)<\/li>\n<li>gwarantowany okres dost\u0119pu: <strong>365 dni<\/strong> (aktualnie czas dost\u0119pu nie jest odg\u00f3rnie limitowany)<\/li>\n<li>ceny zawieraj\u0105 podatek VAT 23%<\/li>\n<\/ul>\n<h2><strong>JAK UZYSKA\u0106 DOST\u0118P:<\/strong><\/h2>\n<ul>\n<li>\n<h3><strong>Dost\u0119p do kursu jest przyznawany automatycznie w momencie zaksi\u0119gowania p\u0142atno\u015bci.<\/strong><\/h3>\n<\/li>\n<li>\n<h3><strong>Zaloguj si\u0119 na swoje konto, u\u017cywaj\u0105c loginu i has\u0142a podanych przy zakupie. <\/strong><strong>DOST\u0118P DO KURSU JEST MO\u017bLIWY TYLKO DLA ZALOGOWANYCH U\u017bYTKOWNIK\u00d3W!<\/strong><\/h3>\n<\/li>\n<li>\n<h3><strong>Wejd\u017a na g\u0142\u00f3wn\u0105 stron\u0119 sklepu i wejd\u017a w zak\u0142adk\u0119 <a href=\"https:\/\/beautybyrockagirl.com\/sklep\/twoje-kursy\/\">TWOJE KURSY<\/a>.<\/strong><\/h3>\n<\/li>\n<li>\n<h3><strong>Kliknij na nazw\u0119 kursu, aby go obejrze\u0107, wy\u015bwietli\u0107 skrypt i pobra\u0107 certyfikat<\/strong><strong>.<\/strong><\/h3>\n<\/li>\n<\/ul>\n","protected":false},"excerpt":{"rendered":"<p>UWAGA &#8211; PRZED ZAKUPEM UTW\u00d3RZ KONTO! DOST\u0118P DO KURSU PO ZAKUPIE JEST MO\u017bLIWY TYLKO DLA ZALOGOWANYCH U\u017bYTKOWNIK\u00d3W! * * * FLAWLESS UPDOS to kurs online stworzony przez Maj\u0119 Peryg\u0119 \u2013 Beauty by Rockagirl po\u015bwi\u0119cony \u015bwiadomemu budowaniu idealnych, optycznie liftinguj\u0105cych kszta\u0142t\u00f3w upi\u0119\u0107. Jest to kurs inny ni\u017c wszystkie &#8211; poza instrukcj\u0105 jak wykona\u0107 poszczeg\u00f3lne elementy upi\u0119\u0107, [&hellip;]<\/p>\n","protected":false},"featured_media":2352,"template":"","meta":{"_acf_changed":false},"product_brand":[],"product_cat":[16],"product_tag":[],"class_list":{"0":"post-2346","1":"product","2":"type-product","3":"status-publish","4":"has-post-thumbnail","6":"product_cat-kursy","8":"first","9":"instock","10":"virtual","11":"sold-individually","12":"taxable","13":"purchasable","14":"product-type-simple"},"acf":[],"_links":{"self":[{"href":"https:\/\/beautybyrockagirl.com\/sklep\/wp-json\/wp\/v2\/product\/2346","targetHints":{"allow":["GET"]}}],"collection":[{"href":"https:\/\/beautybyrockagirl.com\/sklep\/wp-json\/wp\/v2\/product"}],"about":[{"href":"https:\/\/beautybyrockagirl.com\/sklep\/wp-json\/wp\/v2\/types\/product"}],"wp:featuredmedia":[{"embeddable":true,"href":"https:\/\/beautybyrockagirl.com\/sklep\/wp-json\/wp\/v2\/media\/2352"}],"wp:attachment":[{"href":"https:\/\/beautybyrockagirl.com\/sklep\/wp-json\/wp\/v2\/media?parent=2346"}],"wp:term":[{"taxonomy":"product_brand","embeddable":true,"href":"https:\/\/beautybyrockagirl.com\/sklep\/wp-json\/wp\/v2\/product_brand?post=2346"},{"taxonomy":"product_cat","embeddable":true,"href":"https:\/\/beautybyrockagirl.com\/sklep\/wp-json\/wp\/v2\/product_cat?post=2346"},{"taxonomy":"product_tag","embeddable":true,"href":"https:\/\/beautybyrockagirl.com\/sklep\/wp-json\/wp\/v2\/product_tag?post=2346"}],"curies":[{"name":"wp","href":"https:\/\/api.w.org\/{rel}","templated":true}]}}