{"id":41,"date":"2021-03-03T23:42:25","date_gmt":"2021-03-03T22:42:25","guid":{"rendered":"https:\/\/beautybyrockagirl.com\/sklep\/?page_id=41"},"modified":"2023-02-11T15:29:35","modified_gmt":"2023-02-11T14:29:35","slug":"regulamin","status":"publish","type":"page","link":"https:\/\/beautybyrockagirl.com\/sklep\/regulamin\/","title":{"rendered":"Regulamin"},"content":{"rendered":"\n<p>REGULAMIN SKLEPU INTERNETOWEGO <a href=\"http:\/\/www.beautybyrockagirl.com\/sklep\">www.beautybyrockagirl.com\/sklep<\/a><\/p>\n\n\n\n<p>1. Postanowienia og\u00f3lne<\/p>\n\n\n\n<p>Niniejszy regulamin, zwany dalej \u201dRegulaminem\u201d, okre\u015bla\u00a0 zasady korzystania ze sklepu internetowego znajduj\u0105cego si\u0119 pod adresem URL https:\/\/www.beautybyrockagirl.com\/sklep, zwanego dalej \u201eSklepem\u201d.<\/p>\n\n\n\n<p>Sklep prowadzony jest przez firm\u0119:<\/p>\n\n\n\n<p>Maja Peryga &#8211; Beauty by Rockagirl<br>ul. Gda\u0144ska 18\/52<br>40-719 Katowice<br>NIP: 9452228657<br>REGON: 386359874<\/p>\n\n\n\n<p>wpisan\u0105 do Centralnej Ewidencji i Informacji o Dzia\u0142alno\u015bci Gospodarczej, zwan\u0105 dalej \u201eAdministratorem\u201d.<\/p>\n\n\n\n<p>Adres Sklepu i dane kontaktowe: adres internetowy \u2013 https:\/\/<a href=\"http:\/\/www.beautybyrockagirl.com\/sklep\">www.beautybyrockagirl.com\/sklep<\/a>, kontakt beautybyrockagirl@gmail.com, adres korespondencyjny:<\/p>\n\n\n\n<p>Maja Peryga<br>ul. Ro\u017cnowa 108<br>32-020 Ro\u017cnowa<\/p>\n\n\n\n<p>Ka\u017cda osoba przed przyst\u0105pieniem do u\u017cytkowania Sklepu powinna zapozna\u0107 si\u0119 z jego Regulaminem.<\/p>\n\n\n\n<p>Dokonywanie zakup\u00f3w w Sklepie wymaga od Klienta posiadania aktywnego i sprawnego konta poczty elektronicznej e-mail.<\/p>\n\n\n\n<p>2. Rodzaje i zakres dzia\u0142alno\u015bci Sklepu<\/p>\n\n\n\n<p>Za po\u015brednictwem Sklepu prowadzona jest sprzeda\u017c na odleg\u0142o\u015b\u0107 za pomoc\u0105 sieci Internet kurs\u00f3w online.<\/p>\n\n\n\n<p>Przedmiotem sprzeda\u017cy s\u0105 umieszczone w Serwisie produkty elektroniczne, tj. dost\u0119p do kurs\u00f3w.<\/p>\n\n\n\n<p>Pod poj\u0119ciem \u201dkurs\u201d nale\u017cy rozumie\u0107 publikacj\u0119 elektroniczn\u0105 w postaci filmik\u00f3w wideo osadzon\u0105 w witrynie Sklepu.<\/p>\n\n\n\n<p>Po op\u0142aceniu zam\u00f3wienia, Sprzedaj\u0105cy umo\u017cliwia dost\u0119p do zakupionego kursu (materia\u0142\u00f3w wideo) danemu adresowi e-mail.<\/p>\n\n\n\n<p>3. Polityka prywatno\u015bci<\/p>\n\n\n\n<p>Klient poprzez wype\u0142nienie formularza zakupu i zaznaczenie okienka przy stosownym o\u015bwiadczeniu wyra\u017ca zgod\u0119 na zbieranie i przetwarzanie jego danych osobowych zgodnie z Ustaw\u0105 o ochronie danych osobowych z dnia 29.08.1997 r. (Dz. U. z 2002 r. Nr 101, poz. 926 ze zm.) przez Administratora w celu niezb\u0119dnym do wykonania postanowie\u0144 niniejszego Regulaminu i \u015bwiadczonych na jego podstawie us\u0142ug.<\/p>\n\n\n\n<p>Administratorem Danych osobowych jest firma:<\/p>\n\n\n\n<p>Maja Peryga &#8211; Beauty by Rockagirl<br>ul. Gda\u0144ska 18\/52<br>40-719 Katowice<br>NIP: 9452228657<br>REGON: 386359874<\/p>\n\n\n\n<p>wpisana do Centralnej Ewidencji i Informacji o Dzia\u0142alno\u015bci Gospodarczej.<\/p>\n\n\n\n<p>Gromadzone s\u0105 jedynie dane osobowe podane przez Klienta dobrowolnie. Dane przetwarzane s\u0105 w celu niezb\u0119dnym do wykonania postanowie\u0144 niniejszego Regulaminu, a w szczeg\u00f3lno\u015bci w celu:<\/p>\n\n\n\n<p>zawarcia umowy sprzeda\u017cy zam\u00f3wionego towaru,<\/p>\n\n\n\n<p>dor\u0119czenia Klientowi towaru, na kt\u00f3ry Klient z\u0142o\u017cy\u0142 zam\u00f3wienie ,<\/p>\n\n\n\n<p>wystawienia dokumentu potwierdzaj\u0105cego dokonanie transakcji sprzeda\u017cy towaru,<\/p>\n\n\n\n<p>zaksi\u0119gowania transakcji w informatycznym systemie ksi\u0119gowym Sklepu przez okres wymagany przepisami prawa oraz przechowania danych osobowych w informatycznym systemie ksi\u0119gowym dla zapewnienia historii transakcji handlowych dokonywanych przez Sklep.<\/p>\n\n\n\n<p>Dane podane w trakcie sk\u0142adania zam\u00f3wienia s\u0105 przetwarzane r\u00f3wnie\u017c przez nast\u0119puj\u0105ce podmioty w podanym zakresie: imi\u0119 i nazwisko, adres, telefon, e-mail wskazane jako adres dostawy przekazywane s\u0105 firmom przewozowym w postaci etykiety\/listu przewozowego b\u0119d\u0105cego jednocze\u015bnie zleceniem dor\u0119czenia przesy\u0142ki. W zale\u017cno\u015bci od wybranego rodzaju przesy\u0142ki przekazywane s\u0105:<\/p>\n\n\n\n<p>Na wskazany adres e-mail.<\/p>\n\n\n\n<p>Klient w ka\u017cdej chwili ma prawo dost\u0119pu do tre\u015bci swoich danych osobowych oraz prawo do ich poprawienia oraz \u017c\u0105dania ich usuni\u0119cia;<\/p>\n\n\n\n<p>Administrator informuje, i\u017c Klient nie ma obowi\u0105zku podania swoich danych osobowych, jednak\u017ce odmowa ich podania uniemo\u017cliwi prawid\u0142owe wykonanie wobec Klienta us\u0142ug okre\u015blonych w Regulaminie oraz \u015bwiadcze\u0144 wynikaj\u0105cych z umowy zawieranej miedzy Sklepem a Klientem.<\/p>\n\n\n\n<p>Zgromadzone dane podlegaj\u0105 starannej ochronie, zgodnie z obowi\u0105zuj\u0105cymi przepisami. Administrator dok\u0142ada wszelkich stara\u0144, aby przechowywanym danym zapewni\u0107 w\u0142a\u015bciwy stopie\u0144 bezpiecze\u0144stwa.<\/p>\n\n\n\n<p>W Sklepie wykorzystane s\u0105 pliki typu cookies. Podczas odwiedzin przez Klienta serwisu Sklepu, system Sklepu wysy\u0142a do komputera Klienta co najmniej jeden plik Cookies, w celu jednoznacznego zidentyfikowania przegl\u0105darki. Serwer sklepu automatycznie rejestruje informacje przesy\u0142ane przez przegl\u0105dark\u0119 Klienta w czasie wy\u015bwietlania witryn. Dzienniki serwera mog\u0105 zawiera\u0107 informacje takie jak \u017c\u0105danie sieciowe, adres IP, typ i j\u0119zyk przegl\u0105darki, data i godzina przes\u0142ania \u017c\u0105dania. Te informacje pozwalaj\u0105 podnosi\u0107 jako\u015b\u0107 naszych us\u0142ug dzi\u0119ki identyfikowaniu i przechowywaniu preferencji Klient\u00f3w oraz \u015bledzeniu trend\u00f3w, takich jak na przyk\u0142ad sposoby w jakich przeszukiwana jest nasza strona. Klient mo\u017ce zabroni\u0107 odbierania plik\u00f3w cookies, przez co pozostanie anonimowy, aczkolwiek nie zezwalaj\u0105c na rejestracj\u0119 plik\u00f3w cookies, Sklep nie b\u0119dzie m\u00f3g\u0142 zidentyfikowa\u0107 Klienta ani jego preferencji. Szczeg\u00f3\u0142owe informacje na temat Cookies zawarte zosta\u0142y w Polityce Cookies dost\u0119pnej w zak\u0142adce Cookies.<\/p>\n\n\n\n<p>Sklep informuje Klient\u00f3w, i\u017c oferowane us\u0142ugi za po\u015brednictwem Sklepu \u015bwiadczone s\u0105 za po\u015brednictwem publicznej sieci Internet. W zwi\u0105zku z powy\u017cszym Sklep zwraca uwag\u0119 Klient\u00f3w na to, i\u017c korzystanie z us\u0142ug Sklepu mo\u017ce wi\u0105za\u0107 si\u0119 z ryzykiem zwi\u0105zanym z ingerencj\u0105 os\u00f3b trzecich w transmisj\u0119 danych przesy\u0142anych za po\u015brednictwem sieci Internet pomi\u0119dzy Sklepem a Klientem.<\/p>\n\n\n\n<p>Informacja o zasadach i sposobach utrwalania, zabezpieczania i udost\u0119pniania przez Sklep drugiej stronie tre\u015bci zawieranej umowy:<\/p>\n\n\n\n<p>Utrwalenie, zabezpieczenie i udost\u0119pnienie tre\u015bci zawieranej umowy nast\u0119puje przez przes\u0142anie stosownej wiadomo\u015bci e-mail po zawarciu Umowy Sprzeda\u017cy.<\/p>\n\n\n\n<p>Utrwalenie, zabezpieczenie i udost\u0119pnienie tre\u015bci zawieranej Umowy Sprzeda\u017cy nast\u0119puje przez wys\u0142anie Klientowi na podany adres e-mail tre\u015bci zawieranej umowy lub przez przekazanie Klientowi specyfikacji Zam\u00f3wienia oraz dowodu zakupu.<\/p>\n\n\n\n<p>Tre\u015b\u0107 zawieranej umowy jest dodatkowo utrwalona i zabezpieczona w systemie teleinformatycznym Us\u0142ugodawcy oraz udost\u0119pniana na ka\u017cde \u017c\u0105danie Klienta.<\/p>\n\n\n\n<p>4. Wymogi techniczne<\/p>\n\n\n\n<p>W celu prawid\u0142owego i niezak\u0142\u00f3conego korzystania ze Sklepu urz\u0105dzenie ko\u0144cowe Klienta winna spe\u0142nia\u0107 poni\u017csze minimalne wymagania techniczne:<\/p>\n\n\n\n<p>aktywne \u0142\u0105cze internetowe,<\/p>\n\n\n\n<p>Procesor 800&nbsp; MHz lub o&nbsp; wy\u017cszych parametrach, pami\u0119\u0107 RAM co najmniej 1024 MHz.<\/p>\n\n\n\n<p>System operacyjny co najmniej Windows XP lub nowszy.<\/p>\n\n\n\n<p>W\u0142\u0105czona akceptacja plik\u00f3w cookies oraz Skrypt\u00f3w Java.<\/p>\n\n\n\n<p>Sklep nie jest zobowi\u0105zany do dostarczenia powy\u017cszych urz\u0105dze\u0144 i\/lub oprogramowania.<\/p>\n\n\n\n<p>Instalacja oprogramowania o kt\u00f3rym mowa w ust\u0119pie 1 i 2 jest przedmiotem oddzielnej umowy licencyjnej pomi\u0119dzy Klientem a licencjodawc\u0105.<\/p>\n\n\n\n<p>Witryna internetowa sklepu dopasowana jest do rozdzielczo\u015bci ekranu 1024\u00d7700.<\/p>\n\n\n\n<p>5. Zasady dokonywania zakup\u00f3w<\/p>\n\n\n\n<p>Informacje podane na stronach internetowych Sklepu, w tym informacje o prezentowanych produktach, a w szczeg\u00f3lno\u015bci ich opisy, parametry techniczne i u\u017cytkowe oraz ceny, stanowi\u0105 zaproszenie do zawarcia umowy, w rozumieniu art. 71 Kodeksu Cywilnego.<\/p>\n\n\n\n<p>Sklep, przed dokonaniem potwierdzenia zakupu, przedstawia Klientowi nast\u0119puj\u0105ce informacje:<\/p>\n\n\n\n<ul class=\"wp-block-list\">\n<li>dok\u0142adny opisu danego produktu i jego cechy;<\/li>\n\n\n\n<li>\u0142\u0105czn\u0105 cen\u0119 zam\u00f3wionych produkt\u00f3w wraz z podatkami, a tak\u017ce op\u0142at\u0105 za transport, dostarczenie lub us\u0142ugi pocztowe oraz podsumowuj\u0105c\u0105 \u0142\u0105czn\u0105 kwot\u0119 zam\u00f3wienia z wybran\u0105 opcj\u0105 dostawy<\/li>\n\n\n\n<li>dotycz\u0105ce sposobu i terminu zap\u0142aty<\/li>\n\n\n\n<li>dotycz\u0105ce sposobu i terminu spe\u0142nienia \u015bwiadczenia przez przedsi\u0119biorc\u0119.<\/li>\n<\/ul>\n\n\n\n<p>Dokonanie zakupu Produktu wymaga rejestracji w Sklepie.<\/p>\n\n\n\n<p>Sk\u0142adanie zam\u00f3wienia odbywa si\u0119 za pomoc\u0105 formularza, dost\u0119pnego na stronie Sklepu przyciskiem z napisem \u201eKupuje i place\u201d pod\/obok opisu danego Produktu, lub w podsumowaniu listy\/koszyka zakup\u00f3w, w kt\u00f3rym Klient podaje nast\u0119puj\u0105ce dane:<\/p>\n\n\n\n<p>Imi\u0119 i nazwisko<\/p>\n\n\n\n<p>Nazwa firmy (opcjonalnie)<\/p>\n\n\n\n<p>NIP (opcjonalnie)<\/p>\n\n\n\n<p>Kraj<\/p>\n\n\n\n<p>Dane adresowe do wysy\u0142ki<\/p>\n\n\n\n<p>Adres email<\/p>\n\n\n\n<p>Uwagi do zam\u00f3wienia (opcjonalnie)<\/p>\n\n\n\n<p>Klient sk\u0142ada zam\u00f3wienie po zapoznaniu si\u0119 z informacjami okre\u015blonymi w tre\u015bci Regulaminu sklepu oraz informacjami wskazanymi w ust. 2, kt\u00f3re zostan\u0105 wy\u015bwietlone w postaci elektronicznej w ostatnim etapie wype\u0142niania elektronicznego formularza poprzedzaj\u0105cym wyra\u017cenie woli zwi\u0105zania si\u0119 umow\u0105&nbsp; poprzez klikni\u0119cia przycisku \u201eZamawiam z obowi\u0105zkiem zap\u0142aty\u201d. Po przeczytaniu zgromadzonych informacji okre\u015blonych dla danego zam\u00f3wienia Klienta,<\/p>\n\n\n\n<p>Klient wyra\u017ca wol\u0119 zwi\u0105zania umow\u0105 poprzez naci\u015bni\u0119cie przycisku \u201eZamawiam z obowi\u0105zkiem zap\u0142aty\u201d.<\/p>\n\n\n\n<p>Wszystkie ceny podawane na stronach Sklepu s\u0105 w z\u0142otych polskich. Cena wy\u015bwietlana w podsumowaniu koszyka przez z\u0142o\u017ceniem zam\u00f3wienia uwzgl\u0119dnia koszty przesy\u0142ki zgodnie z wybran\u0105 przez Klienta opcj\u0105.<\/p>\n\n\n\n<p>Zam\u00f3wienie uwa\u017ca si\u0119 za przyj\u0119te do realizacji po potwierdzeniu przez Sklep przyj\u0119cia zam\u00f3wienia z\u0142o\u017conego przez Klienta.<\/p>\n\n\n\n<p>Potwierdzenie przyj\u0119cia zam\u00f3wienia przesy\u0142ane jest automatycznie po z\u0142o\u017ceniu zam\u00f3wienia przez Klienta.<\/p>\n\n\n\n<p>Sklep mo\u017ce wstrzyma\u0107 przyj\u0119cie zam\u00f3wienia w sytuacji podj\u0119cia w\u0105tpliwo\u015bci co do prawdziwo\u015bci b\u0105d\u017a rzetelno\u015bci wskazanych przez Klienta danych w formularzu rejestracyjnym. W takim przypadku Sklep niezw\u0142ocznie skontaktuje si\u0119 z Klientem w celu wyja\u015bnienia przedmiotowych w\u0105tpliwo\u015bci.<\/p>\n\n\n\n<p>W przypadku niedost\u0119pno\u015bci cz\u0119\u015bci produkt\u00f3w obj\u0119tych zam\u00f3wieniem Klient jest o tym niezw\u0142ocznie informowany. Klient decyduje, czy zam\u00f3wienie ma by\u0107 zrealizowane cz\u0119\u015bciowo czy w ca\u0142o\u015bci anulowane.<\/p>\n\n\n\n<p>Klient i Sklep zwi\u0105zani s\u0105 cen\u0105 Produktu obowi\u0105zuj\u0105c\u0105 w chwili z\u0142o\u017cenia na niego zam\u00f3wienia.<\/p>\n\n\n\n<p>P\u0142atno\u015bci w Sklepie obs\u0142ugiwane s\u0105 przez PayU SA z siedzib\u0105 w Poznaniu, 60-166 Pozna\u0144, przy ul. Grunwaldzkiej 186, krajowa instytucja p\u0142atnicza, nadzorowana przez Komisj\u0119 Nadzoru Finansowego, wpisana do Rejestru us\u0142ug p\u0142atniczych pod numerem IP1\/2012, wpisana do rejestru przedsi\u0119biorc\u00f3w prowadzonego przez S\u0105d Rejonowy w Poznaniu \u2013 Nowe Miasto i Wilda w Poznaniu, Wydzia\u0142 VIII Gospodarczy Krajowego Rejestru S\u0105dowego pod numerem KRS 0000274399, o kapitale zak\u0142adowym w wysoko\u015bci 4.944.000 PLN, w ca\u0142o\u015bci op\u0142aconym, posiadaj\u0105ca numer identyfikacji podatkowej NIP: 779-23-08-495, REGON 300523444.<\/p>\n\n\n\n<p>Umow\u0119 uznaje si\u0119 za zawart\u0105 z chwil\u0105 dokonania wp\u0142aty przez Klienta, po uprzednim otrzymaniu potwierdzenia przyj\u0119cia zam\u00f3wienia do realizacji.<\/p>\n\n\n\n<p>Zam\u00f3wienia s\u0105 realizowane automatycznie, natychmiast po zaakceptowaniu p\u0142atno\u015bci.<\/p>\n\n\n\n<p>Zam\u00f3wienia s\u0105 realizowane drog\u0105 elektroniczna poprzez udzielenie dost\u0119pu do kursu w formie video z mo\u017cliwo\u015bci\u0105 odtwarzania przez okres 1 roku od dnia zakupu.<\/p>\n\n\n\n<p>Wraz z Produktem wysy\u0142ane jest elektroniczne potwierdzenie dokonania zakupu. Na \u017cyczenie Klienta wystawiana jest faktura. Klient zobowi\u0105zany jest do podania pe\u0142nych danych niezb\u0119dnych do prawid\u0142owego wystawienia faktury:<\/p>\n\n\n\n<p>Imi\u0119 i nazwisko,<\/p>\n\n\n\n<p>Nazwa firmy,<\/p>\n\n\n\n<p>Adres siedziby,<\/p>\n\n\n\n<p>NIP,<\/p>\n\n\n\n<p>Numer zam\u00f3wienia,<\/p>\n\n\n\n<p>Adres korespondencyjny.<\/p>\n\n\n\n<p>Ka\u017cdy rejestruj\u0105cy si\u0119 i\/lub dokonuj\u0105cy zam\u00f3wienia Klient wyra\u017ca zgod\u0119 na otrzymywanie na podany przez siebie adres e-mail informacji zwi\u0105zanych z przebiegiem transakcji, zawiadomie\u0144 o zmianach w niniejszym Regulaminie.<\/p>\n\n\n\n<p>Us\u0142ug\u0119 uznaje si\u0119 za wykonan\u0105, gdy Klient otrzyma dane dost\u0119powe do zakupionych produkt\u00f3w.<\/p>\n\n\n\n<p>6. Reklamacje<\/p>\n\n\n\n<p>W zakresie reklamacji Klient b\u0119d\u0105cy Konsumentem mo\u017ce realizowa\u0107 uprawnienia przyznane przez przepisy ustaw\u0119 kodeks cywilny z dnia 23 kwietnia 1964 r. (Dz. U. nr 16, poz. 93 ze zm.) oraz ustawy z dnia 30 maja 2014 r. o prawach konsumenta (Dz. U. 2014 poz . 827 z dnia 24 czerwca 2014 r.).<\/p>\n\n\n\n<p>Reklamacje dotycz\u0105ce zam\u00f3wionych towar\u00f3w mog\u0105 by\u0107 sk\u0142adane poprzez adres e-mail beautybyrockagirl@gmail.com.<\/p>\n\n\n\n<p>Wnosz\u0105c reklamacj\u0119, prosimy o podanie nast\u0119puj\u0105cych danych: imi\u0119 i nazwisko Klienta, adres, dane pozwalaj\u0105ce na identyfikacj\u0119 sprzeda\u017cy (np. login, numer zam\u00f3wienia, dat\u0119 transakcji), przedmiot i przyczyn\u0119 reklamacji, dane kontaktowe.<\/p>\n\n\n\n<p>Klient nie mo\u017ce odst\u0105pi\u0107 od umowy, je\u017celi wada jest nieistotna lub je\u017celi produkt jest cyfrowy na no\u015bniku niematerialnym.<\/p>\n\n\n\n<p>Reklamacje zg\u0142aszane przez Klienta b\u0119d\u0105 rozpatrywane w terminie do 14 dniu od momentu ich zg\u0142oszenia. Brak o\u015bwiadczenia w tym terminie uwa\u017ca si\u0119 za uznanie roszcze\u0144 zg\u0142oszonych przez Klienta.<\/p>\n\n\n\n<p>Rozstrzygni\u0119cie reklamacji zostanie przes\u0142ane w odpowiedzi na wiadomo\u015b\u0107 na adres e-mail podany powy\u017cej.<\/p>\n\n\n\n<p>7. Odst\u0105pienie od umowy<\/p>\n\n\n\n<p>Zgodnie z Ustaw\u0105 z dnia 30 maja 2014 r. o prawach konsumenta ( U. 2014 poz. 827) Klient b\u0119d\u0105cy konsumentem ma prawo do pisemnego odst\u0105pienia od zawieranej umowy bez podania przyczyny w terminie 14 dni od dnia wydania rzeczy tj. od momentu, w kt\u00f3rym Klient wszed\u0142 w posiadanie rzeczy, lub w kt\u00f3rym osoba trzecia inna ni\u017c przewo\u017anik wskazana przez Klienta wesz\u0142a w posiadanie rzeczy. Do zachowania czternastodniowego terminu, o kt\u00f3rym mowa w ust. 1, wystarczaj\u0105ce jest wys\u0142anie o\u015bwiadczenia o odst\u0105pieniu przed jego up\u0142ywem.<\/p>\n\n\n\n<p>Zgodnie z art. 38 ustawy o prawach konsumenta, prawo odst\u0105pienia od umowy zawartej na odleg\u0142o\u015b\u0107, zgodnie z ustaw\u0105, nie przys\u0142uguje konsumentowi w wypadkach:<\/p>\n\n\n\n<p>o \u015bwiadczenie us\u0142ug, je\u017celi przedsi\u0119biorca wykona\u0142 w pe\u0142ni us\u0142ug\u0119 za wyra\u017an\u0105 zgod\u0105 konsumenta, kt\u00f3ry zosta\u0142 poinformowany przed rozpocz\u0119ciem \u015bwiadczenia, \u017ce po spe\u0142nieniu \u015bwiadczenia przez przedsi\u0119biorc\u0119 utraci prawo odst\u0105pienia od umowy;<\/p>\n\n\n\n<p>w kt\u00f3rej cena lub wynagrodzenie zale\u017cy od waha\u0144 na rynku finansowym, nad kt\u00f3rymi przedsi\u0119biorca nie sprawuje kontroli i kt\u00f3re mog\u0105 wyst\u0105pi\u0107 przed up\u0142ywem terminu do odst\u0105pienia od umowy;<\/p>\n\n\n\n<p>w kt\u00f3rej przedmiotem \u015bwiadczenia jest rzecz nieprefabrykowana, wyprodukowana wed\u0142ug specyfikacji konsumenta lub s\u0142u\u017c\u0105ca zaspokojeniu jego zindywidualizowanych potrzeb;<\/p>\n\n\n\n<p>w kt\u00f3rej przedmiotem \u015bwiadczenia jest rzecz ulegaj\u0105ca szybkiemu zepsuciu lub maj\u0105ca kr\u00f3tki termin przydatno\u015bci do u\u017cycia;<\/p>\n\n\n\n<p>w kt\u00f3rej przedmiotem \u015bwiadczenia jest rzecz dostarczana w zapiecz\u0119towanym opakowaniu, kt\u00f3rej po otwarciu opakowania nie mo\u017cna zwr\u00f3ci\u0107\u0301 ze wzgl\u0119du na ochron\u0119 zdrowia lub ze wzgl\u0119d\u00f3w higienicznych, je\u017celi opakowanie zosta\u0142o otwarte po dostarczeniu;<\/p>\n\n\n\n<p>w kt\u00f3rej przedmiotem \u015bwiadczenia s\u0105 rzeczy, kt\u00f3re po dostarczeniu, ze wzgl\u0119du na sw\u00f3j charakter, zostaj\u0105 nieroz\u0142\u0105cznie po\u0142\u0105czone z innymi rzeczami;<\/p>\n\n\n\n<p>w kt\u00f3rej przedmiotem \u015bwiadczenia s\u0105\u0328 nagrania d\u017awi\u0119kowe lub wizualne albo programy komputerowe dostarczane w zapiecz\u0119towanym opakowaniu, je\u017celi opakowanie zosta\u0142o otwarte po dostarczeniu; o dostarczanie dziennik\u00f3w, periodyk\u00f3w lub czasopism, z wyj\u0105tkiem umowy o prenumerat\u0119\u0328;<\/p>\n\n\n\n<p>o dostarczanie tre\u015bci cyfrowych, kt\u00f3re nie s\u0105 zapisane na no\u015bniku materialnym, je\u017celi spe\u0142nianie \u015bwiadczenia rozpocz\u0119\u0142o si\u0119 za wyra\u017an\u0105 zgod\u0105 konsumenta przed up\u0142ywem terminu do odst\u0105pienia od umowy i po poinformowaniu go przez przedsi\u0119biorc\u0119\u0328 o utracie prawa odst\u0105pienia od umowy.<\/p>\n\n\n\n<p>W przypadku odst\u0105pienia od niniejszej umowy Klientowi zwracane s\u0105 wszystkie otrzymane od niego p\u0142atno\u015bci, w tym obejmuj\u0105ce koszty dostarczenia rzeczy (z wyj\u0105tkiem dodatkowych koszt\u00f3w wynikaj\u0105cych z wybranego przez Klienta sposobu dostarczenia innego ni\u017c najta\u0144szy zwyk\u0142y spos\u00f3b dostarczenia oferowany w ramach dostawy towar\u00f3w&nbsp; dost\u0119pny w Sklepie), niezw\u0142ocznie, a w ka\u017cdym przypadku nie p\u00f3\u017aniej ni\u017c 14 dni od dnia, w kt\u00f3rym Sklep zosta\u0142 poinformowany o decyzji Klienta&nbsp; o wykonaniu prawa odst\u0105pienia od umowy ze Sklepem.<\/p>\n\n\n\n<p>Zwrotu p\u0142atno\u015bci Sklep dokonuje przy u\u017cyciu takiego samego sposobu zap\u0142aty, jakiego u\u017cy\u0142 Klient, chyba, \u017ce Klient wyra\u017anie zgodzi\u0142 si\u0119 na inny spos\u00f3b zwrotu, kt\u00f3ry nie wi\u0105\u017c\u0119 si\u0119 dla niego z \u017cadnymi kosztami.<\/p>\n\n\n\n<p>8. Postanowienia ko\u0144cowe i opis mo\u017cliwo\u015bci skorzystania z pozas\u0105dowych sposob\u00f3w rozpatrywania reklamacji i dochodzenia roszcze\u0144<\/p>\n\n\n\n<p>Postanowienia niniejszego Regulaminu nie maj\u0105 na celu wy\u0142\u0105cza\u0107 ani ogranicza\u0107 jakichkolwiek praw Klienta b\u0119d\u0105cego jednocze\u015bnie Konsumentem przys\u0142uguj\u0105cych mu na mocy bezwzgl\u0119dnie wi\u0105\u017c\u0105cych przepis\u00f3w prawa. W przypadku niezgodno\u015bci postanowie\u0144 niniejszego Regulaminu z powy\u017cszymi przepisami, pierwsze\u0144stwo maj\u0105 te przepisy.<\/p>\n\n\n\n<p>W sprawach nieuregulowanych niniejszym Regulaminem zastosowanie maj\u0105 przepisy prawa polskiego, w tym w szczeg\u00f3lno\u015bci ustawy z dnia 30 maja 2014 r. o prawach konsumenta (Dz. U. 2014 poz . 827 z dnia 24 czerwca 2014 r.) oraz ustawy z dnia 23 kwietnia 1964 r. \u2013 Kodeks cywilny (Dz.U. 1964 nr 16 poz. 93 ze zm.).<\/p>\n\n\n\n<p>Informacje w zakresie mo\u017cliwo\u015bci skorzystania przez Klienta b\u0119d\u0105cego konsumentem z pozas\u0105dowych sposob\u00f3w rozpatrywania reklamacji i dochodzenia roszcze\u0144 oraz zasady dost\u0119pu do tych procedur dost\u0119pne s\u0105 w siedzibach oraz na stronach internetowych powiatowych (miejskich) rzecznik\u00f3w konsument\u00f3w, organizacji spo\u0142ecznych, do kt\u00f3rych zada\u0144 statutowych nale\u017cy ochrona konsument\u00f3w, Wojew\u00f3dzkich Inspektorat\u00f3w Inspekcji Handlowej oraz pod nast\u0119puj\u0105cymi adresami internetowymi Urz\u0119du Ochrony Konkurencji i Konsument\u00f3w:<\/p>\n\n\n\n<p><a href=\"http:\/\/www.uokik.gov.pl\/spory_konsumenckie.php;\">http:\/\/www.uokik.gov.pl\/spory_konsumenckie.php;<\/a><\/p>\n\n\n\n<p><a href=\"http:\/\/www.uokik.gov.pl\/sprawy_indywidualne.php;\">http:\/\/www.uokik.gov.pl\/sprawy_indywidualne.php;<\/a><\/p>\n\n\n\n<p><a href=\"http:\/\/www.uokik.gov.pl\/wazne_adresy.php;\">http:\/\/www.uokik.gov.pl\/wazne_adresy.php;<\/a><\/p>\n\n\n\n<p>Klient b\u0119d\u0105cy konsumentem posiada m.in. nast\u0119puj\u0105ce mo\u017cliwo\u015bci skorzystania z pozas\u0105dowych sposob\u00f3w rozpatrywania reklamacji i dochodzenia roszcze\u0144:<\/p>\n\n\n\n<p>Sta\u0142y polubowny s\u0105d konsumencki dzia\u0142aj\u0105cy przy Inspekcji Handlowej&nbsp; &#8211; mo\u017cliwo\u015b\u0107 zwr\u00f3cenia si\u0119 z wnioskiem o rozstrzygni\u0119cie sporu wynik\u0142ego z zawartej Umowy Sprzeda\u017cy;<\/p>\n\n\n\n<p>wojew\u00f3dzki inspektor Inspekcji Handlowej mo\u017cliwo\u015b\u0107 zwr\u00f3cenia si\u0119 z wnioskiem o wszcz\u0119cie post\u0119powania mediacyjnego w sprawie polubownego do czasu zako\u0144czenia sporu mi\u0119dzy Klientem a sklepem;<\/p>\n\n\n\n<p>powiatowy (miejski) rzecznik konsument\u00f3w lub organizacja spo\u0142eczna, do kt\u00f3rej zada\u0144 statutowych nale\u017cy ochrona konsument\u00f3w (m.in. Federacja Konsument\u00f3w, Stowarzyszenie Konsument\u00f3w Polskich). Porady udzielane s\u0105 przez Federacj\u0119 Konsument\u00f3w pod bezp\u0142atnym numerem infolinii konsumenckiej 800 007 707 oraz przez Stowarzyszenie Konsument\u00f3w Polskich pod adresem email porady@dlakonsumentow.pl<\/p>\n","protected":false},"excerpt":{"rendered":"<p>REGULAMIN SKLEPU INTERNETOWEGO www.beautybyrockagirl.com\/sklep 1. Postanowienia og\u00f3lne Niniejszy regulamin, zwany dalej \u201dRegulaminem\u201d, okre\u015bla\u00a0 zasady korzystania ze sklepu internetowego znajduj\u0105cego si\u0119 pod adresem URL https:\/\/www.beautybyrockagirl.com\/sklep, zwanego dalej \u201eSklepem\u201d. Sklep prowadzony jest przez firm\u0119: Maja Peryga &#8211; Beauty by Rockagirlul. Gda\u0144ska 18\/5240-719 KatowiceNIP: 9452228657REGON: 386359874 wpisan\u0105 do Centralnej Ewidencji i Informacji o Dzia\u0142alno\u015bci Gospodarczej, zwan\u0105 dalej \u201eAdministratorem\u201d. [&hellip;]<\/p>\n","protected":false},"author":2,"featured_media":0,"parent":0,"menu_order":0,"comment_status":"closed","ping_status":"closed","template":"","meta":{"_acf_changed":false,"footnotes":""},"class_list":["post-41","page","type-page","status-publish","hentry"],"acf":[],"_links":{"self":[{"href":"https:\/\/beautybyrockagirl.com\/sklep\/wp-json\/wp\/v2\/pages\/41","targetHints":{"allow":["GET"]}}],"collection":[{"href":"https:\/\/beautybyrockagirl.com\/sklep\/wp-json\/wp\/v2\/pages"}],"about":[{"href":"https:\/\/beautybyrockagirl.com\/sklep\/wp-json\/wp\/v2\/types\/page"}],"author":[{"embeddable":true,"href":"https:\/\/beautybyrockagirl.com\/sklep\/wp-json\/wp\/v2\/users\/2"}],"replies":[{"embeddable":true,"href":"https:\/\/beautybyrockagirl.com\/sklep\/wp-json\/wp\/v2\/comments?post=41"}],"version-history":[{"count":4,"href":"https:\/\/beautybyrockagirl.com\/sklep\/wp-json\/wp\/v2\/pages\/41\/revisions"}],"predecessor-version":[{"id":1266,"href":"https:\/\/beautybyrockagirl.com\/sklep\/wp-json\/wp\/v2\/pages\/41\/revisions\/1266"}],"wp:attachment":[{"href":"https:\/\/beautybyrockagirl.com\/sklep\/wp-json\/wp\/v2\/media?parent=41"}],"curies":[{"name":"wp","href":"https:\/\/api.w.org\/{rel}","templated":true}]}}