{"id":37,"date":"2021-03-03T23:35:57","date_gmt":"2021-03-03T22:35:57","guid":{"rendered":"https:\/\/beautybyrockagirl.com\/sklep\/?page_id=37"},"modified":"2023-02-12T12:07:07","modified_gmt":"2023-02-12T11:07:07","slug":"polityka-prywatnosci-2","status":"publish","type":"page","link":"https:\/\/beautybyrockagirl.com\/sklep\/polityka-prywatnosci-2\/","title":{"rendered":"Polityka prywatno\u015bci"},"content":{"rendered":"\n<p>1. Informacje og\u00f3lne<\/p>\n\n\n\n<p>Zgodnie z Rozporz\u0105dzeniem Parlamentu Europejskiego i Rady (UE) 2016\/679 z dnia 27 kwietnia 2016 r. w sprawie ochrony os\u00f3b fizycznych w zwi\u0105zku z przetwarzaniem danych osobowych i w sprawie swobodnego przep\u0142ywu takich danych oraz uchylenia dyrektywy 95\/46\/WE, znanym jako Rozporz\u0105dzenie o Ochronie Danych Osobowych lub RODO informujemy, \u017ce:<\/p>\n\n\n\n<p>Niniejsza polityka dotyczy Serwisu www, funkcjonuj\u0105cego pod adresem url: https:\/\/beautybyrockagirl.com.<\/p>\n\n\n\n<p>Operatorem serwisu oraz Administratorem danych osobowych jest:<\/p>\n\n\n\n<p>Maja Peryga &#8211; Beauty by Rockagirl<\/p>\n\n\n\n<p>ul. Gda\u0144ska 18\/52<\/p>\n\n\n\n<p>40-719 Katowice<\/p>\n\n\n\n<p>NIP: 9452228657<\/p>\n\n\n\n<p>REGON: 386359874<\/p>\n\n\n\n<p>Adres kontaktowy poczty elektronicznej operatora: beautybyrockagirl@gmail.com<\/p>\n\n\n\n<p>Operator jest Administratorem Twoich danych osobowych w odniesieniu do danych podanych dobrowolnie w Serwisie.<\/p>\n\n\n\n<p>Serwis wykorzystuje dane osobowe w nast\u0119puj\u0105cych celach:<\/p>\n\n\n\n<ul class=\"wp-block-list\">\n<li>rejestracja i utrzymywanie konta u\u017cytkownika \u2013 art. 6 ust. 1 lit. b RODO,<\/li>\n\n\n\n<li>obs\u0142uga zam\u00f3wienia \u2013 art. 6 ust. 1 lit. b RODO,<\/li>\n\n\n\n<li>obs\u0142uga reklamacji lub odst\u0105pienia od umowy \u2013 art. 6 ust. 1 lit. f RODO,<\/li>\n\n\n\n<li>obs\u0142uga korespondencji \u2013 art. 6 ust. 1 lit. f RODO,<\/li>\n\n\n\n<li>realizacja obowi\u0105zk\u00f3w podatkowych i ksi\u0119gowych \u2013 art. 6 ust. 1 lit. c RODO,<\/li>\n\n\n\n<li>tworzenie archiwum na potrzeby ewentualnej konieczno\u015bci obrony, ustalenia lub dochodzenia roszcze\u0144, jak r\u00f3wnie\u017c w celu identyfikacji klienta powracaj\u0105cego \u2013 art. 6 ust. 1 lit. f RODO,<\/li>\n<\/ul>\n\n\n\n<p>Serwis realizuje funkcje pozyskiwania informacji o u\u017cytkownikach i ich zachowaniu poprzez:<\/p>\n\n\n\n<ul class=\"wp-block-list\">\n<li>dobrowolnie wprowadzone w formularzach dane, kt\u00f3re zostaj\u0105 wprowadzone do system\u00f3w Operatora<\/li>\n\n\n\n<li>zapisywanie w urz\u0105dzeniach ko\u0144cowych plik\u00f3w cookie (tzw. \u201eciasteczka\u201d).<\/li>\n<\/ul>\n\n\n\n<p>2. Zam\u00f3wienia<\/p>\n\n\n\n<p>Sk\u0142adaj\u0105c zam\u00f3wienie, musisz poda\u0107 dane niezb\u0119dne do realizacji zam\u00f3wienia. W zale\u017cno\u015bci od szczeg\u00f3\u0142\u00f3w zam\u00f3wienia, katalog danych mo\u017ce by\u0107 inny. Przyk\u0142adowo, je\u017celi zamawiasz produkty fizyczne, musimy zna\u0107 adres, pod kt\u00f3ry dor\u0119czy\u0107 Ci zam\u00f3wienie. Je\u017celi prosisz o wystawienie faktury VAT na firm\u0119, musimy zna\u0107 numer NIP oraz adres wykonywania dzia\u0142alno\u015bci gospodarczej. Podanie danych jest dobrowolne, ale niezb\u0119dne do z\u0142o\u017cenia zam\u00f3wienia.<\/p>\n\n\n\n<p>Ponadto, nasz system wykorzystywany do obs\u0142ugi procesu zam\u00f3wienia, zapisuje Tw\u00f3j numer IP, z kt\u00f3rego korzysta\u0142e\u015b, sk\u0142adaj\u0105c zam\u00f3wienie.<\/p>\n\n\n\n<p>Ka\u017cde zam\u00f3wienie zapisywane jest w naszej bazie, co oznacza, \u017ce Twoim danym osobowym przypisanym do zam\u00f3wienia towarzysz\u0105 r\u00f3wnie\u017c informacje dotycz\u0105ce zam\u00f3wienia takie jak zam\u00f3wione produkty, wybrany spos\u00f3b p\u0142atno\u015bci, wybrany spos\u00f3b dostawy, termin dokonania p\u0142atno\u015bci.<\/p>\n\n\n\n<p>Dane zgromadzone w zwi\u0105zku z zam\u00f3wieniem, przetwarzane s\u0105 w celu wykonania umowy zawieranej poprzez z\u0142o\u017cenie zam\u00f3wienia (art. 6 ust. 1 lit. b RODO), wystawienia faktury (art. 6 ust. 1 lit. c RODO w zw. z przepisami reguluj\u0105cymi kwestie wystawiania faktur), uwzgl\u0119dnienia faktury w dokumentacji ksi\u0119gowej oraz realizacji pozosta\u0142ych obowi\u0105zk\u00f3w podatkowych i ksi\u0119gowych (art. 6 ust. 1 lit. c RODO w zw. z przepisami reguluj\u0105cymi kwestie obowi\u0105zk\u00f3w podatkowych i ksi\u0119gowych) oraz w celach archiwalnych na potrzeby ewentualnej konieczno\u015bci obrony, ustalenia lub dochodzenia roszcze\u0144, jak r\u00f3wnie\u017c identyfikacji klienta powracaj\u0105cego, co stanowi nasz prawnie uzasadniony interes (art. 6 ust. 1 lit. f RODO).<\/p>\n\n\n\n<p>Dane o zam\u00f3wieniach b\u0119d\u0105 przetwarzane przez czas niezb\u0119dny do realizacji zam\u00f3wienia, a nast\u0119pnie do czasu up\u0142ywu terminu przedawnienia roszcze\u0144 z tytu\u0142u zawartej umowy. Ponadto, po up\u0142ywie tego terminu, dane nadal mog\u0105 by\u0107 przez nas przetwarzane w celach archiwalnych na potrzeby ewentualnej konieczno\u015bci obrony, ustalenia lub dochodzenia roszcze\u0144, jak r\u00f3wnie\u017c identyfikacji klienta powracaj\u0105cego. Pami\u0119taj r\u00f3wnie\u017c, \u017ce mamy obowi\u0105zek przechowywa\u0107 dokumentacj\u0119 ksi\u0119gow\u0105, kt\u00f3ra mo\u017ce zawiera\u0107 Twoje dane osobowe, przez okres wymagany przepisami prawa.<\/p>\n\n\n\n<p>3. Wybrane metody ochrony danych stosowane przez Operatora<\/p>\n\n\n\n<p>Miejsca logowania i wprowadzania danych osobowych s\u0105 chronione w warstwie transmisji (certyfikat SSL). Dzi\u0119ki temu dane osobowe i dane logowania wprowadzone na stronie zostaj\u0105 zaszyfrowane w komputerze u\u017cytkownika i mog\u0105 by\u0107 odczytane jedynie na docelowym serwerze.<\/p>\n\n\n\n<p>Has\u0142a u\u017cytkownik\u00f3w s\u0105 przechowywane w postaci hashowanej. Funkcja hashuj\u0105ca dzia\u0142a jednokierunkowo \u2013 nie jest mo\u017cliwe odwr\u00f3cenie jej dzia\u0142ania, co stanowi obecnie wsp\u00f3\u0142czesny standard w zakresie przechowywania hase\u0142 u\u017cytkownik\u00f3w.<\/p>\n\n\n\n<p>Istotnym elementem ochrony danych jest regularna aktualizacja wszelkiego oprogramowania, wykorzystywanego przez Operatora do przetwarzania danych osobowych, co w szczeg\u00f3lno\u015bci oznacza regularne aktualizacje komponent\u00f3w programistycznych.<\/p>\n\n\n\n<p>4. Hosting<\/p>\n\n\n\n<p>Serwis jest hostowany (technicznie utrzymywany) na serwerach Operatora: Home.pl<\/p>\n\n\n\n<p>5. Twoje prawa i dodatkowe informacje o sposobie wykorzystania danych<\/p>\n\n\n\n<p>W niekt\u00f3rych sytuacjach Administrator ma prawo przekazywa\u0107 Twoje dane osobowe innym odbiorcom, je\u015bli b\u0119dzie to niezb\u0119dne do wykonania zawartej z Tob\u0105 umowy lub do zrealizowania obowi\u0105zk\u00f3w ci\u0105\u017c\u0105cych na Administratorze. Dotyczy to takich grup odbiorc\u00f3w:<\/p>\n\n\n\n<ul class=\"wp-block-list\">\n<li>operatorzy p\u0142atno\u015bci (PayU SA)<\/li>\n<\/ul>\n\n\n\n<p>Twoje dane osobowe przetwarzane s\u0105 przez Administratora nie d\u0142u\u017cej, ni\u017c jest to konieczne do wykonania zwi\u0105zanych z nimi czynno\u015bci okre\u015blonych osobnymi przepisami (np. o prowadzeniu rachunkowo\u015bci). W odniesieniu do danych marketingowych dane nie b\u0119d\u0105 przetwarzane d\u0142u\u017cej ni\u017c przez 3 lata.<\/p>\n\n\n\n<p>Przys\u0142uguje Ci prawo \u017c\u0105dania od Administratora:<\/p>\n\n\n\n<ul class=\"wp-block-list\">\n<li>dost\u0119pu do danych osobowych Ciebie dotycz\u0105cych,<\/li>\n\n\n\n<li>ich sprostowania,<\/li>\n\n\n\n<li>usuni\u0119cia,<\/li>\n\n\n\n<li>ograniczenia przetwarzania,<\/li>\n\n\n\n<li>oraz przenoszenia danych.<\/li>\n<\/ul>\n\n\n\n<p>Przys\u0142uguje Ci prawo do z\u0142o\u017cenia sprzeciwu w zakresie przetwarzania wskazanego w pkt 3.3 c) wobec przetwarzania danych osobowych w celu wykonania prawnie uzasadnionych interes\u00f3w realizowanych przez Administratora, w tym profilowania, przy czym prawo sprzeciwu nie b\u0119dzie mog\u0142o by\u0107 wykonane w przypadku istnienia wa\u017cnych prawnie uzasadnionych podstaw do przetwarzania, nadrz\u0119dnych wobec Ciebie interes\u00f3w, praw i wolno\u015bci, w szczeg\u00f3lno\u015bci ustalenia, dochodzenia lub obrony roszcze\u0144.<\/p>\n\n\n\n<p>Na dzia\u0142ania Administratora przys\u0142uguje skarga do Prezesa Urz\u0119du Ochrony Danych Osobowych, ul. Stawki 2, 00-193 Warszawa.<\/p>\n\n\n\n<p>Podanie danych osobowych jest dobrowolne, lecz niezb\u0119dne do obs\u0142ugi Serwisu.<\/p>\n\n\n\n<p>W stosunku do Ciebie mog\u0105 by\u0107 podejmowane czynno\u015bci polegaj\u0105ce na zautomatyzowanym podejmowaniu decyzji, w tym profilowaniu w celu \u015bwiadczenia us\u0142ug w ramach zawartej umowy oraz w celu prowadzenia przez Administratora marketingu bezpo\u015bredniego.<\/p>\n\n\n\n<p>Dane osobowe nie s\u0105 przekazywane od kraj\u00f3w trzecich w rozumieniu przepis\u00f3w o ochronie danych osobowych. Oznacza to, \u017ce nie przesy\u0142amy ich poza teren Unii Europejskiej.<\/p>\n\n\n\n<p>6. Informacje w formularzach<\/p>\n\n\n\n<p>Serwis zbiera informacje podane dobrowolnie przez u\u017cytkownika, w tym dane osobowe, o ile zostan\u0105 one podane.<\/p>\n\n\n\n<p>Serwis mo\u017ce zapisa\u0107 informacje o parametrach po\u0142\u0105czenia (oznaczenie czasu, adres IP).<\/p>\n\n\n\n<p>Serwis, w niekt\u00f3rych wypadkach, mo\u017ce zapisa\u0107 informacj\u0119 u\u0142atwiaj\u0105c\u0105 powi\u0105zanie danych w formularzu z adresem e-mail u\u017cytkownika wype\u0142niaj\u0105cego formularz. W takim wypadku adres e-mail u\u017cytkownika pojawia si\u0119 wewn\u0105trz adresu url strony zawieraj\u0105cej formularz.<\/p>\n\n\n\n<p>Dane podane w formularzu s\u0105 przetwarzane w celu wynikaj\u0105cym z funkcji konkretnego formularza, np. w celu dokonania procesu obs\u0142ugi zg\u0142oszenia serwisowego lub kontaktu handlowego, rejestracji us\u0142ug itp. Ka\u017cdorazowo kontekst i opis formularza w czytelny spos\u00f3b informuje, do czego on s\u0142u\u017cy.<\/p>\n\n\n\n<p>7. Logi Administratora<\/p>\n\n\n\n<p>Informacje o zachowaniu u\u017cytkownik\u00f3w w serwisie mog\u0105 podlega\u0107 logowaniu. Dane te s\u0105 wykorzystywane w celu administrowania serwisem.<\/p>\n\n\n\n<p>8. Istotne techniki marketingowe<\/p>\n\n\n\n<p>Operator stosuje analiz\u0119 statystyczn\u0105 ruchu na stronie, poprzez Google Analytics (Google Inc. z siedzib\u0105 w USA). Operator nie przekazuje do operatora tej us\u0142ugi danych osobowych, a jedynie zanonimizowane informacje. Us\u0142uga bazuje na wykorzystaniu ciasteczek w urz\u0105dzeniu ko\u0144cowym u\u017cytkownika. W zakresie informacji o preferencjach u\u017cytkownika gromadzonych przez sie\u0107 reklamow\u0105 Google u\u017cytkownik mo\u017ce przegl\u0105da\u0107 i edytowa\u0107 informacje wynikaj\u0105ce z plik\u00f3w cookies przy pomocy narz\u0119dzia: <a href=\"https:\/\/www.google.com\/ads\/preferences\/\">https:\/\/www.google.com\/ads\/preferences\/<\/a>.<\/p>\n\n\n\n<p>9. Informacja o plikach cookies<\/p>\n\n\n\n<p>Serwis korzysta z plik\u00f3w cookies.<\/p>\n\n\n\n<p>Pliki cookies (tzw. \u201eciasteczka\u201d) stanowi\u0105 dane informatyczne, w szczeg\u00f3lno\u015bci pliki tekstowe, kt\u00f3re przechowywane s\u0105 w urz\u0105dzeniu ko\u0144cowym U\u017cytkownika Serwisu i przeznaczone s\u0105 do korzystania ze stron internetowych Serwisu. Cookies zazwyczaj zawieraj\u0105 nazw\u0119 strony internetowej, z kt\u00f3rej pochodz\u0105, czas przechowywania ich na urz\u0105dzeniu ko\u0144cowym oraz unikalny numer.<\/p>\n\n\n\n<p>Podmiotem zamieszczaj\u0105cym na urz\u0105dzeniu ko\u0144cowym U\u017cytkownika Serwisu pliki cookies oraz uzyskuj\u0105cym do nich dost\u0119p jest operator Serwisu.<\/p>\n\n\n\n<p>Pliki cookies wykorzystywane s\u0105 w nast\u0119puj\u0105cych celach:<\/p>\n\n\n\n<ul class=\"wp-block-list\">\n<li>utrzymanie sesji u\u017cytkownika Serwisu (po zalogowaniu), dzi\u0119ki kt\u00f3rej u\u017cytkownik nie musi na ka\u017cdej podstronie Serwisu ponownie wpisywa\u0107 loginu i has\u0142a;<\/li>\n\n\n\n<li>realizacji cel\u00f3w okre\u015blonych powy\u017cej w cz\u0119\u015bci \u201eIstotne techniki marketingowe\u201d;<\/li>\n<\/ul>\n\n\n\n<p>W ramach Serwisu stosowane s\u0105 dwa zasadnicze rodzaje plik\u00f3w cookies: \u201esesyjne\u201d (session cookies) oraz \u201esta\u0142e\u201d (persistent cookies). Cookies \u201esesyjne\u201d s\u0105 plikami tymczasowymi, kt\u00f3re przechowywane s\u0105 w urz\u0105dzeniu ko\u0144cowym U\u017cytkownika do czasu wylogowania, opuszczenia strony internetowej lub wy\u0142\u0105czenia oprogramowania (przegl\u0105darki internetowej). \u201eSta\u0142e\u201d pliki cookies przechowywane s\u0105 w urz\u0105dzeniu ko\u0144cowym U\u017cytkownika przez czas okre\u015blony w parametrach plik\u00f3w cookies lub do czasu ich usuni\u0119cia przez U\u017cytkownika.<\/p>\n\n\n\n<p>Oprogramowanie do przegl\u0105dania stron internetowych (przegl\u0105darka internetowa) zazwyczaj domy\u015blnie dopuszcza przechowywanie plik\u00f3w cookies w urz\u0105dzeniu ko\u0144cowym U\u017cytkownika. U\u017cytkownicy Serwisu mog\u0105 dokona\u0107 zmiany ustawie\u0144 w tym zakresie. Przegl\u0105darka internetowa umo\u017cliwia usuni\u0119cie plik\u00f3w cookies. Mo\u017cliwe jest tak\u017ce automatyczne blokowanie plik\u00f3w cookies Szczeg\u00f3\u0142owe informacje na ten temat zawiera pomoc lub dokumentacja przegl\u0105darki internetowej.<\/p>\n\n\n\n<p>Ograniczenia stosowania plik\u00f3w cookies mog\u0105 wp\u0142yn\u0105\u0107 na niekt\u00f3re funkcjonalno\u015bci dost\u0119pne na stronach internetowych Serwisu.<\/p>\n\n\n\n<p>Pliki cookies zamieszczane w urz\u0105dzeniu ko\u0144cowym U\u017cytkownika Serwisu wykorzystywane mog\u0105 by\u0107 r\u00f3wnie\u017c przez wsp\u00f3\u0142pracuj\u0105ce z operatorem Serwisu podmioty, w szczeg\u00f3lno\u015bci dotyczy to firm: Google (Google Inc. z siedzib\u0105 w USA), Facebook (Facebook Inc. z siedzib\u0105 w USA).<\/p>\n\n\n\n<p>10. Zarz\u0105dzanie plikami cookies \u2013 jak w praktyce wyra\u017ca\u0107 i cofa\u0107 zgod\u0119?<\/p>\n\n\n\n<p>Je\u015bli u\u017cytkownik nie chce otrzymywa\u0107 plik\u00f3w cookies, mo\u017ce zmieni\u0107 ustawienia przegl\u0105darki. Zastrzegamy, \u017ce wy\u0142\u0105czenie obs\u0142ugi plik\u00f3w cookies niezb\u0119dnych dla proces\u00f3w uwierzytelniania, bezpiecze\u0144stwa, utrzymania preferencji u\u017cytkownika mo\u017ce utrudni\u0107, a w skrajnych przypadkach mo\u017ce uniemo\u017cliwi\u0107 korzystanie ze stron www.<\/p>\n","protected":false},"excerpt":{"rendered":"<p>1. Informacje og\u00f3lne Zgodnie z Rozporz\u0105dzeniem Parlamentu Europejskiego i Rady (UE) 2016\/679 z dnia 27 kwietnia 2016 r. w sprawie ochrony os\u00f3b fizycznych w zwi\u0105zku z przetwarzaniem danych osobowych i w sprawie swobodnego przep\u0142ywu takich danych oraz uchylenia dyrektywy 95\/46\/WE, znanym jako Rozporz\u0105dzenie o Ochronie Danych Osobowych lub RODO informujemy, \u017ce: Niniejsza polityka dotyczy Serwisu [&hellip;]<\/p>\n","protected":false},"author":2,"featured_media":0,"parent":0,"menu_order":0,"comment_status":"closed","ping_status":"closed","template":"","meta":{"_acf_changed":false,"footnotes":""},"class_list":["post-37","page","type-page","status-publish","hentry"],"acf":[],"_links":{"self":[{"href":"https:\/\/beautybyrockagirl.com\/sklep\/wp-json\/wp\/v2\/pages\/37","targetHints":{"allow":["GET"]}}],"collection":[{"href":"https:\/\/beautybyrockagirl.com\/sklep\/wp-json\/wp\/v2\/pages"}],"about":[{"href":"https:\/\/beautybyrockagirl.com\/sklep\/wp-json\/wp\/v2\/types\/page"}],"author":[{"embeddable":true,"href":"https:\/\/beautybyrockagirl.com\/sklep\/wp-json\/wp\/v2\/users\/2"}],"replies":[{"embeddable":true,"href":"https:\/\/beautybyrockagirl.com\/sklep\/wp-json\/wp\/v2\/comments?post=37"}],"version-history":[{"count":4,"href":"https:\/\/beautybyrockagirl.com\/sklep\/wp-json\/wp\/v2\/pages\/37\/revisions"}],"predecessor-version":[{"id":1285,"href":"https:\/\/beautybyrockagirl.com\/sklep\/wp-json\/wp\/v2\/pages\/37\/revisions\/1285"}],"wp:attachment":[{"href":"https:\/\/beautybyrockagirl.com\/sklep\/wp-json\/wp\/v2\/media?parent=37"}],"curies":[{"name":"wp","href":"https:\/\/api.w.org\/{rel}","templated":true}]}}