{"id":279,"date":"2022-03-04T08:31:43","date_gmt":"2022-03-04T07:31:43","guid":{"rendered":"https:\/\/beautybyrockagirl.com\/sklep\/?page_id=279"},"modified":"2023-02-11T15:14:07","modified_gmt":"2023-02-11T14:14:07","slug":"twoje-kursy","status":"publish","type":"page","link":"https:\/\/beautybyrockagirl.com\/sklep\/twoje-kursy\/","title":{"rendered":"TWOJE KURSY"},"content":{"rendered":"<p>Nie masz dost\u0119pu do materia\u0142\u00f3w<\/p>\n","protected":false},"excerpt":{"rendered":"","protected":false},"author":91,"featured_media":0,"parent":0,"menu_order":0,"comment_status":"closed","ping_status":"closed","template":"","meta":{"_acf_changed":false,"footnotes":""},"class_list":["post-279","page","type-page","status-publish","hentry"],"acf":[],"_links":{"self":[{"href":"https:\/\/beautybyrockagirl.com\/sklep\/wp-json\/wp\/v2\/pages\/279","targetHints":{"allow":["GET"]}}],"collection":[{"href":"https:\/\/beautybyrockagirl.com\/sklep\/wp-json\/wp\/v2\/pages"}],"about":[{"href":"https:\/\/beautybyrockagirl.com\/sklep\/wp-json\/wp\/v2\/types\/page"}],"author":[{"embeddable":true,"href":"https:\/\/beautybyrockagirl.com\/sklep\/wp-json\/wp\/v2\/users\/91"}],"replies":[{"embeddable":true,"href":"https:\/\/beautybyrockagirl.com\/sklep\/wp-json\/wp\/v2\/comments?post=279"}],"version-history":[{"count":3,"href":"https:\/\/beautybyrockagirl.com\/sklep\/wp-json\/wp\/v2\/pages\/279\/revisions"}],"predecessor-version":[{"id":4521,"href":"https:\/\/beautybyrockagirl.com\/sklep\/wp-json\/wp\/v2\/pages\/279\/revisions\/4521"}],"wp:attachment":[{"href":"https:\/\/beautybyrockagirl.com\/sklep\/wp-json\/wp\/v2\/media?parent=279"}],"curies":[{"name":"wp","href":"https:\/\/api.w.org\/{rel}","templated":true}]}}