{"id":1051,"date":"2022-03-04T08:31:43","date_gmt":"2022-03-04T07:31:43","guid":{"rendered":"https:\/\/beautybyrockagirl.com\/sklep\/your-courses\/"},"modified":"2023-02-11T15:01:39","modified_gmt":"2023-02-11T14:01:39","slug":"your-courses","status":"publish","type":"page","link":"https:\/\/beautybyrockagirl.com\/sklep\/en\/your-courses\/","title":{"rendered":"YOUR COURSES"},"content":{"rendered":"<p>Nie masz dost\u0119pu do materia\u0142\u00f3w<\/p>\n","protected":false},"excerpt":{"rendered":"","protected":false},"author":91,"featured_media":0,"parent":0,"menu_order":0,"comment_status":"closed","ping_status":"closed","template":"","meta":{"_acf_changed":false,"footnotes":""},"class_list":["post-1051","page","type-page","status-publish","hentry"],"acf":[],"_links":{"self":[{"href":"https:\/\/beautybyrockagirl.com\/sklep\/en\/wp-json\/wp\/v2\/pages\/1051","targetHints":{"allow":["GET"]}}],"collection":[{"href":"https:\/\/beautybyrockagirl.com\/sklep\/en\/wp-json\/wp\/v2\/pages"}],"about":[{"href":"https:\/\/beautybyrockagirl.com\/sklep\/en\/wp-json\/wp\/v2\/types\/page"}],"author":[{"embeddable":true,"href":"https:\/\/beautybyrockagirl.com\/sklep\/en\/wp-json\/wp\/v2\/users\/91"}],"replies":[{"embeddable":true,"href":"https:\/\/beautybyrockagirl.com\/sklep\/en\/wp-json\/wp\/v2\/comments?post=1051"}],"version-history":[{"count":3,"href":"https:\/\/beautybyrockagirl.com\/sklep\/en\/wp-json\/wp\/v2\/pages\/1051\/revisions"}],"predecessor-version":[{"id":1255,"href":"https:\/\/beautybyrockagirl.com\/sklep\/en\/wp-json\/wp\/v2\/pages\/1051\/revisions\/1255"}],"wp:attachment":[{"href":"https:\/\/beautybyrockagirl.com\/sklep\/en\/wp-json\/wp\/v2\/media?parent=1051"}],"curies":[{"name":"wp","href":"https:\/\/api.w.org\/{rel}","templated":true}]}}